{"id":20,"date":"2022-09-02T10:30:53","date_gmt":"2022-09-02T08:30:53","guid":{"rendered":"https:\/\/inwestycjebt.pl\/?page_id=20"},"modified":"2022-09-02T15:02:25","modified_gmt":"2022-09-02T13:02:25","slug":"dla-inwestorow","status":"publish","type":"page","link":"https:\/\/inwestycjebt.pl\/?page_id=20","title":{"rendered":"Dla Inwestor\u00f3w"},"content":{"rendered":"<p style=\"text-align: center;\"><strong>Strefa Akcjonariusza s\u0142u\u017cy komunikacji sp\u00f3\u0142ki Inwestycje BT Kapita\u0142 sp\u00f3\u0142ka z ograniczon\u0105<br \/>\nodpowiedzialno\u015bci\u0105 sp\u00f3\u0142ka komandytowo-akcyjna z jej akcjonariuszami, stosownie do art. 5 \u00a7 5 ustawy z dnia 15 wrze\u015bnia 2000 roku \u2013 Kodeks sp\u00f3\u0142ek handlowych (tj. Dz. U. z 2019 roku, poz. 505 ze zm.)<\/strong><\/p>\n<p>&nbsp;<\/p>\n<p style=\"text-align: center;\"><strong>PIERWSZE WEZWANIE DO Z\u0141O\u017bENIA DOKUMENT\u00d3W AKCJI W SP\u00d3\u0141CE<\/strong><\/p>\n<p><strong>\u00a0<\/strong><\/p>\n<p>Zarz\u0105d Sp\u00f3\u0142ki Inwestycje BT Kapita\u0142 sp\u00f3\u0142ka z ograniczon\u0105 odpowiedzialno\u015bci\u0105 sp\u00f3\u0142ka komandytowo-akcyjna z siedzib\u0105 w Krotoszyn dzia\u0142aj\u0105c na podstawie art. 16 ustawy\u00a0 z dnia 30 sierpnia 2019 roku o zmianie ustawy \u2013 Kodeks sp\u00f3\u0142ek handlowych oraz niekt\u00f3rych innych ustaw (Dz.U. 2019 poz. 1798), zmienionej ustaw\u0105 z dnia 14 maja 2020 roku o zmianie niekt\u00f3rych ustaw w zakresie dzia\u0142a\u0144 os\u0142onowych w zwi\u0105zku z rozprzestrzenianiem si\u0119 wirusa SARS-CoV-19\u00a0 (Dz. U. z 2020 r., poz. 875), wzywa po raz pierwszy akcjonariuszy Sp\u00f3\u0142ki, \u00a0do z\u0142o\u017cenia w siedzibie Sp\u00f3\u0142ki wszystkich wydanych dokument\u00f3w akcji tej Sp\u00f3\u0142ki w terminie dw\u00f3ch tygodni od dnia og\u0142oszenia niniejszego wezwania, celem ich dematerializacji.<span><a onclick=\"read_toggle(633929505, 'Czytaj dalej', 'Czytaj mniej'); return false;\" class=\"read-link\" id=\"readlink633929505\" style=\"readlink\" href=\"#\">Czytaj dalej<\/a><\/span>\n<div class=\"read_div\" id=\"read633929505\" style=\"display: none;\"><\/p>\n<p>Dokumenty akcji nale\u017cy sk\u0142ada\u0107 w siedzibie Sp\u00f3\u0142ki, tj. ul. Ostrowska 122, 63-700 Krotoszyn w\u00a0dniach roboczych (tj. od poniedzia\u0142ku do pi\u0105tku w godzinach 08:00-16:00).<\/p>\n<p>Jednocze\u015bnie wyja\u015bniamy, i\u017c nowelizacja Kodeksu sp\u00f3\u0142ek handlowych z dnia 30 sierpnia\u00a0\u00a0\u00a0\u00a0\u00a0\u00a0\u00a0\u00a0\u00a0\u00a0\u00a0\u00a0\u00a0\u00a0\u00a0\u00a0\u00a0 2019 roku wprowadzi\u0142a obowi\u0105zkow\u0105 dematerializacj\u0119 wszystkich akcji sp\u00f3\u0142ek niepublicznych, do\u00a0kt\u00f3rych nale\u017cy sp\u00f3\u0142ka Inwestycje BT Kapita\u0142 sp\u00f3\u0142ka z ograniczon\u0105 odpowiedzialno\u015bci\u0105 sp\u00f3\u0142ka komandytowo-akcyjna. Wydanie dokument\u00f3w akcji, kt\u00f3re s\u0105 obecnie w posiadaniu akcjonariuszy jest niezb\u0119dne do przeprowadzenia procesu dematerializacji polegaj\u0105cego na przekszta\u0142ceniu akcji w\u00a0wersji papierowej w akcje rejestrowe, kt\u00f3re b\u0119d\u0105 zapisane na rachunku papier\u00f3w warto\u015bciowych prowadzonym przez Domem Maklerski NAVIGATOR S.A.<\/p>\n<p>W konsekwencji powy\u017cszego wykonywanie praw przys\u0142uguj\u0105cych z akcji b\u0119dzie realizowane poprzez przedmiotowy rachunek od momentu przeprowadzenia procesu dematerializacji. Warte zaznaczenia jest, i\u017c\u00a0niez\u0142o\u017cenie wydanych dokument\u00f3w akcji skutkowa\u0107 b\u0119dzie utrat\u0105 przez nie mocy obowi\u0105zuj\u0105cej, a w dalszej perspektywie r\u00f3wnie\u017c mocy dowodowej, co\u00a0w praktyce doprowadzi do utraty statusu akcjonariusza.<\/p>\n<p><strong>\u00a0\u00a0\u00a0\u00a0\u00a0\u00a0\u00a0\u00a0\u00a0\u00a0\u00a0\u00a0\u00a0\u00a0\u00a0\u00a0\u00a0\u00a0\u00a0\u00a0\u00a0\u00a0\u00a0\u00a0\u00a0\u00a0\u00a0\u00a0\u00a0\u00a0\u00a0\u00a0\u00a0\u00a0\u00a0\u00a0\u00a0\u00a0\u00a0\u00a0\u00a0\u00a0\u00a0\u00a0\u00a0\u00a0\u00a0\u00a0\u00a0\u00a0\u00a0\u00a0\u00a0\u00a0\u00a0\u00a0\u00a0\u00a0\u00a0\u00a0\u00a0\u00a0 <\/strong><br \/>\n<strong>\u00a0<\/strong><\/p>\n<p style=\"text-align: right;\"><strong>Zarz\u0105d Komplementariusza<br \/>\nSp\u00f3\u0142ki Inwestycje BT Kapita\u0142 sp\u00f3\u0142ka z ograniczon\u0105<br \/>\nodpowiedzialno\u015bci\u0105 sp\u00f3\u0142ka komandytowo-akcyjna z siedzib\u0105 w Krotoszynie<\/strong><\/p>\n<p style=\"text-align: right;\"><strong>\u00a0<\/strong><\/p>\n<p style=\"text-align: right;\">Krotoszyn, dnia 30.10.2020 roku<\/p>\n<p><\/div><\/p>\n<p>&nbsp;<\/p>\n<p>&nbsp;<\/p>\n<p style=\"text-align: center;\"><strong>DRUGIE WEZWANIE DO Z\u0141O\u017bENIA DOKUMENT\u00d3W AKCJI W SP\u00d3\u0141CE<\/strong><\/p>\n<p><strong>\u00a0<\/strong><\/p>\n<p>Zarz\u0105d Sp\u00f3\u0142ki Inwestycje BT Kapita\u0142 sp\u00f3\u0142ka z ograniczon\u0105 odpowiedzialno\u015bci\u0105 sp\u00f3\u0142ka komandytowo-akcyjna z siedzib\u0105 w Krotoszyn dzia\u0142aj\u0105c na podstawie art. 16 ustawy\u00a0 z dnia 30 sierpnia 2019 roku o zmianie ustawy \u2013 Kodeks sp\u00f3\u0142ek handlowych oraz niekt\u00f3rych innych ustaw (Dz.U. 2019 poz. 1798), zmienionej ustaw\u0105 z dnia 14 maja 2020 roku o zmianie niekt\u00f3rych ustaw w zakresie dzia\u0142a\u0144 os\u0142onowych w zwi\u0105zku z rozprzestrzenianiem si\u0119 wirusa SARS-CoV-19\u00a0 (Dz. U. z 2020 r., poz. 875), wzywa po\u00a0raz drugi akcjonariuszy Sp\u00f3\u0142ki, \u00a0do z\u0142o\u017cenia w siedzibie Sp\u00f3\u0142ki wszystkich wydanych dokument\u00f3w akcji tej Sp\u00f3\u0142ki w terminie dw\u00f3ch tygodni od dnia og\u0142oszenia niniejszego wezwania, celem ich dematerializacji. <span><a onclick=\"read_toggle(863694700, 'Czytaj dalej', 'Czytaj mniej'); return false;\" class=\"read-link\" id=\"readlink863694700\" style=\"readlink\" href=\"#\">Czytaj dalej<\/a><\/span>\n<div class=\"read_div\" id=\"read863694700\" style=\"display: none;\"><\/p>\n<p>Dokumenty akcji nale\u017cy sk\u0142ada\u0107 w siedzibie Sp\u00f3\u0142ki, tj. ul. Ostrowska 122, 63-700 Krotoszyn w\u00a0dniach roboczych (tj. od poniedzia\u0142ku do pi\u0105tku w godzinach 08:00-16:00).<\/p>\n<p>Jednocze\u015bnie wyja\u015bniamy, i\u017c nowelizacja Kodeksu sp\u00f3\u0142ek handlowych z dnia 30 sierpnia\u00a0\u00a0\u00a0\u00a0\u00a0\u00a0\u00a0\u00a0\u00a0\u00a0\u00a0\u00a0\u00a0\u00a0\u00a0\u00a0\u00a0 2019 roku wprowadzi\u0142a obowi\u0105zkow\u0105 dematerializacj\u0119 wszystkich akcji sp\u00f3\u0142ek niepublicznych, do\u00a0kt\u00f3rych nale\u017cy sp\u00f3\u0142ka Inwestycje BT Kapita\u0142 sp\u00f3\u0142ka z ograniczon\u0105 odpowiedzialno\u015bci\u0105 sp\u00f3\u0142ka komandytowo-akcyjna. Wydanie dokument\u00f3w akcji, kt\u00f3re s\u0105 obecnie w posiadaniu akcjonariuszy jest niezb\u0119dne do przeprowadzenia procesu dematerializacji polegaj\u0105cego na przekszta\u0142ceniu akcji w\u00a0wersji papierowej w akcje rejestrowe, kt\u00f3re b\u0119d\u0105 zapisane na rachunku papier\u00f3w warto\u015bciowych prowadzonym przez Domem Maklerski NAVIGATOR S.A.<\/p>\n<p>W konsekwencji powy\u017cszego wykonywanie praw przys\u0142uguj\u0105cych z akcji b\u0119dzie realizowane poprzez przedmiotowy rachunek od momentu przeprowadzenia procesu dematerializacji. Warte zaznaczenia jest, i\u017c\u00a0niez\u0142o\u017cenie wydanych dokument\u00f3w akcji skutkowa\u0107 b\u0119dzie utrat\u0105 przez nie mocy obowi\u0105zuj\u0105cej, a w dalszej perspektywie r\u00f3wnie\u017c mocy dowodowej, co\u00a0w praktyce doprowadzi do utraty statusu akcjonariusza.<\/p>\n<p><strong>\u00a0\u00a0\u00a0\u00a0\u00a0\u00a0\u00a0\u00a0\u00a0\u00a0\u00a0\u00a0\u00a0\u00a0\u00a0\u00a0\u00a0\u00a0\u00a0\u00a0\u00a0\u00a0\u00a0\u00a0\u00a0\u00a0\u00a0\u00a0\u00a0\u00a0\u00a0\u00a0\u00a0\u00a0\u00a0\u00a0\u00a0\u00a0\u00a0\u00a0\u00a0\u00a0\u00a0\u00a0\u00a0\u00a0\u00a0\u00a0\u00a0\u00a0\u00a0\u00a0\u00a0\u00a0\u00a0\u00a0\u00a0\u00a0\u00a0\u00a0\u00a0\u00a0 <\/strong><br \/>\n<strong>\u00a0<\/strong><\/p>\n<p style=\"text-align: right;\"><strong>Zarz\u0105d Komplementariusza<br \/>\nSp\u00f3\u0142ki Inwestycje BT Kapita\u0142 sp\u00f3\u0142ka z ograniczon\u0105<br \/>\nodpowiedzialno\u015bci\u0105 sp\u00f3\u0142ka komandytowo-akcyjna z siedzib\u0105 w Krotoszynie<\/strong><\/p>\n<p style=\"text-align: right;\"><strong>\u00a0<\/strong><\/p>\n<p style=\"text-align: right;\">Krotoszyn, dnia 30.10.2020 roku<\/p>\n<p><\/div><\/p>\n","protected":false},"excerpt":{"rendered":"<p>Strefa Akcjonariusza s\u0142u\u017cy komunikacji sp\u00f3\u0142ki Inwestycje BT Kapita\u0142 sp\u00f3\u0142ka z ograniczon\u0105 odpowiedzialno\u015bci\u0105 sp\u00f3\u0142ka komandytowo-akcyjna z jej akcjonariuszami, stosownie do art. 5 \u00a7 5 ustawy z dnia 15 wrze\u015bnia 2000 roku \u2013 Kodeks sp\u00f3\u0142ek handlowych (tj. Dz. U. z 2019 roku, poz. 505 ze zm.) &nbsp; PIERWSZE WEZWANIE DO Z\u0141O\u017bENIA DOKUMENT\u00d3W AKCJI W SP\u00d3\u0141CE \u00a0 Zarz\u0105d [&hellip;]<\/p>\n","protected":false},"author":2,"featured_media":0,"parent":0,"menu_order":0,"comment_status":"closed","ping_status":"closed","template":"","meta":{"footnotes":""},"class_list":["post-20","page","type-page","status-publish","hentry"],"_links":{"self":[{"href":"https:\/\/inwestycjebt.pl\/index.php?rest_route=\/wp\/v2\/pages\/20","targetHints":{"allow":["GET"]}}],"collection":[{"href":"https:\/\/inwestycjebt.pl\/index.php?rest_route=\/wp\/v2\/pages"}],"about":[{"href":"https:\/\/inwestycjebt.pl\/index.php?rest_route=\/wp\/v2\/types\/page"}],"author":[{"embeddable":true,"href":"https:\/\/inwestycjebt.pl\/index.php?rest_route=\/wp\/v2\/users\/2"}],"replies":[{"embeddable":true,"href":"https:\/\/inwestycjebt.pl\/index.php?rest_route=%2Fwp%2Fv2%2Fcomments&post=20"}],"version-history":[{"count":20,"href":"https:\/\/inwestycjebt.pl\/index.php?rest_route=\/wp\/v2\/pages\/20\/revisions"}],"predecessor-version":[{"id":53,"href":"https:\/\/inwestycjebt.pl\/index.php?rest_route=\/wp\/v2\/pages\/20\/revisions\/53"}],"wp:attachment":[{"href":"https:\/\/inwestycjebt.pl\/index.php?rest_route=%2Fwp%2Fv2%2Fmedia&parent=20"}],"curies":[{"name":"wp","href":"https:\/\/api.w.org\/{rel}","templated":true}]}}